{"id":7755,"date":"2019-07-22T17:04:36","date_gmt":"2019-07-22T15:04:36","guid":{"rendered":"http:\/\/nira-kunststoff.de\/?page_id=7755"},"modified":"2019-09-26T10:41:55","modified_gmt":"2019-09-26T08:41:55","slug":"privacy-cookies-policy","status":"publish","type":"page","link":"https:\/\/nira-kunststoff.de\/it\/privacy-cookies-policy\/","title":{"rendered":"Privacy&#038;Cookies policy"},"content":{"rendered":"<p>Ai sensi dell&#8217;art. 13 del Regolamento Europeo n. 679 del 2016 (il \u201c<strong>Regolamento Privacy<\/strong>\u201d), nonch\u00e9 della Raccomandazione n. 2 del 2001 adottata ai sensi dell\u2019art. 29 della Direttiva n. 95\/46\/CE, <strong>N.I.R.A. SPA<\/strong> intende informare tutti gli utenti e\/o visitatori del sito <a href=\"http:\/\/www.mdfitalia.com\">www.nira-kunststoff.de<\/a> (rispettivamente gli \u201c<strong>Utenti<\/strong>\u201d e il \u201c<strong>Sito<\/strong>\u201d), in merito all\u2019utilizzo dei dati personali, dei log files e dei cookies raccolti tramite il Sito medesimo.<\/p>\n<ol>\n<li><strong>Titolare, Responsabili del trattamento dei dati e Responsabile della Protezione dei Dati<\/strong><\/li>\n<\/ol>\n<p>Il titolare del trattamento dei dati personali \u00e8 <strong>N.I.R.A. SPA<\/strong> (C.F. e P.IVA 00230840167), con sede legale in VIA G.CAMOZZI 16, 24060 VILLONGO (BG), e-mail <a href=\"mailto:info@nira-kunststoff.de\">info@nira-kunststoff.de<\/a>, (di seguito il \u201c<strong>Titolare<\/strong>\u201d).<\/p>\n<p>L\u2019elenco aggiornato dei Responsabili del trattamento designati pu\u00f2 essere fornito su richiesta da parte degli interessati e\/o Utenti.<\/p>\n<p>L\u2019azienda non ha nominato un Responsabile della Protezione dei dati.<\/p>\n<ol start=\"2\">\n<li><strong>Informazioni raccolte automaticamente dal Sito &#8211; Cookies<\/strong><\/li>\n<li><strong>a) Informazioni raccolte automaticamente<\/strong><\/li>\n<\/ol>\n<p>Come tutti i siti web anche il nostro Sito fa uso di log files, nei quali vengono conservate informazioni raccolte in maniera automatizzata durante le visite. I sistemi informatici e le procedure software preposte al funzionamento del Sito, infatti, acquisiscono automaticamente durante l\u2019utilizzo alcune informazioni, la cui trasmissione \u00e8 implicita nell\u2019uso dei protocolli di comunicazione di Internet.<\/p>\n<p>Le informazioni raccolte sono le seguenti:<\/p>\n<ul>\n<li>indirizzo Internet Protocol (IP) o il nome a dominio del dispositivo utilizzato;<\/li>\n<li>tipo di browser e parametri del dispositivo usato per connettersi al Sito;<\/li>\n<li>gli indirizzi in notazione URI (Uniform Resource Identifier) delle risorse richieste o il metodo utilizzato nel sottoporre la richiesta al server;<\/li>\n<li>nome dell&#8217;internet service provider (ISP);<\/li>\n<li>data e orario di visita;<\/li>\n<li>pagina web di provenienza (referral) e di uscita dell\u2019Utente;<\/li>\n<li>eventualmente il numero di click;<\/li>\n<li>la dimensione del file ottenuto in risposta;<\/li>\n<li>il codice numerico indicante lo stato della risposta data dal server (buon fine, errore, ecc.);<\/li>\n<li>altri parametri relativi al sistema operativo e all\u2019ambiente informatico del dispositivo.<\/li>\n<\/ul>\n<p>Tali informazioni sono trattate in forma automatizzata e raccolte esclusivamente in forma aggregata al fine di verificare il corretto funzionamento del Sito.<\/p>\n<ol>\n<li><strong>b) Cookies<\/strong><\/li>\n<\/ol>\n<p>Nel Sito vengono utilizzati cookies. I cookies sono files di testo registrati su supporto informatico, che permettono di registrare alcuni parametri e dati comunicati al sistema informatico, attraverso il browser utilizzato. Tali strumenti consentono pertanto un&#8217;analisi delle abitudini nell&#8217;utilizzo del Sito, per differenti finalit\u00e0: esecuzione di autenticazioni informatiche, monitoraggio di sessioni, memorizzazione di informazioni su specifiche configurazioni riguardanti gli utenti che accedono al server, memorizzazione delle preferenze, ecc.<\/p>\n<p>I cookies si distinguono in:<\/p>\n<ol>\n<li><strong>Cookies tecnici<\/strong>: servono ad effettuare la navigazione o a fornire un servizio richiesto. Senza il ricorso a tali cookies, alcune operazioni non potrebbero essere compiute o sarebbero pi\u00f9 complesse e\/o meno sicure.<\/li>\n<li><strong>Cookies di profilazione<\/strong>: sono utilizzati per tracciare la navigazione e creare dei profili su gusti, abitudini, scelte, ecc. In questo modo possono essere trasmessi ad eventuali device messaggi pubblicitari in linea con le preferenze gi\u00e0 manifestate nella precedente navigazione online.<\/li>\n<\/ol>\n<p>Per l\u2019installazione dei Cookies tecnici non \u00e8 richiesto il consenso. Per l\u2019installazione dei Cookies di profilazione \u00e8 richiesto il consenso: nel caso in cui non si desideri che il device riceva e memorizzi i Cookies di profilazione, possono essere modificate le impostazioni di sicurezza del browser. Infatti, attraverso le impostazioni del browser usato per navigare si potr\u00e0 decidere se cancellare e\/o evitare l&#8217;installazione dei cookie sul device utilizzato.<\/p>\n<p>Si precisa, tuttavia, che disattivando l\u2019utilizzo dei Cookies di profilazione non si potr\u00e0 usufruire appieno di alcune funzioni del Sito.<\/p>\n<p>Nel corso della navigazione del Sito, possono essere ricevuti sul terminale\/device anche cookies che vengono inviati da siti o da web server diversi (di seguito \u201c<strong>Terze Parti<\/strong>\u201d). Le Terze Parti, che utilizzano cookies nel nostro Sito, sono:<\/p>\n<ul>\n<li>[\u2026], la cui informativa si pu\u00f2 trovare [\u2026];<\/li>\n<li>[\u2026], la cui informativa si pu\u00f2 trovare al paragrafo [\u2026];<\/li>\n<li>[\u2026], la cui informativa si pu\u00f2 trovare ai seguenti indirizzi: [\u2026];<\/li>\n<li>[\u2026], la cui informativa si pu\u00f2 trovare all\u2019indirizzo [\u2026].<\/li>\n<\/ul>\n<p>Attraverso l&#8217;uso del Sito si considera accettato l\u2019utilizzo dei Cookies e prestato il consenso al trattamento dei dati raccolti dalle Terze Parti.<\/p>\n<ol start=\"3\">\n<li><strong>I dati personali che vengono forniti utilizzando il Sito: a che fine saranno trattati.<\/strong><\/li>\n<\/ol>\n<p>I dati personali richiesti e forniti ci servono per consentire di accedere al sito <a href=\"http:\/\/www.mdfitalia.com\">www.nira-kunststoff.de<\/a> (di seguito il \u201c<strong>Sito<\/strong>\u201d) ed utilizzare i seguenti servizi (i \u201c<strong>Servizi Sito<\/strong>\u201d):<\/p>\n<ul>\n<li>consultare il Catalogo\/prodotti\/servizi;<\/li>\n<li>accedere all\u2019Area riservata;<\/li>\n<li>essere Contattati;<\/li>\n<li>accedere al servizio per trovare punti vendita dei prodotti pi\u00f9 vicini alla Tua posizione;<\/li>\n<li>Accedere all\u2019area LAVORA CON NOI;<\/li>\n<li>Utilizzare servizio E-COMMERCE;<\/li>\n<li>Accedere al SERVIZIO NEWSLETTER;<\/li>\n<li>Utilizzare il servizio DOWNLOAD.<\/li>\n<\/ul>\n<p>I dati vengono trattati per le seguenti finalit\u00e0:<\/p>\n<ul>\n<li>effettuare la gestione tecnica del Sito; (TUTTI)<\/li>\n<li>acquisire tramite compilazione di apposito form i riferimenti degli utenti del sito per soddisfare richieste di contatto informativo\/commerciale (CONTATTI)<\/li>\n<li>contattare i sottoscrittori con l&#8217;invio di una newsletter periodica relativa alle attivit\u00e0 attinenti alla societ\u00e0;(NEWSLETTER)<\/li>\n<li>analizzare le preferenze, abitudini, interessi e scelte di consumo, inclusa la tipologia, la frequenza, l&#8217;ubicazione degli acquisti, al fine di elaborare statistiche, creare specifici profili di utenti e svolgere attivit\u00e0 predittiva in relazione a futuri consumi (<strong>attivit\u00e0 di profilazione<\/strong>)<\/li>\n<li>dare esecuzione ad un CONTRATTO DI ACQUISTO di PRODOTTI -SERVIZI (E-COMMERCE)<\/li>\n<li>diffondere informazioni tecniche commerciali (CATALOGO PRODOTTI\/SERVIZI)<\/li>\n<li>Possibile instaurazione di una collaborazione lavorativa (LAVORA CON NOI);<\/li>\n<li>Informare la clientela dei soggetti autorizzati a cui rivolgersi in caso di interesse (RIVENDITORI);<\/li>\n<li>Consentire l&#8217;accesso a materiale esclusivamente dedicato ai soggetti registrati (AREA RISERVATA);<\/li>\n<li>Consentire lo scaricamento di informazioni tecniche sui prodotti o servizi (DOWNLOAD)<\/li>\n<\/ul>\n<p>Il trattamento dei dati per le finalit\u00e0 che precedono verr\u00e0 effettuato in ossequio al Codice Privacy, al Regolamento Privacy e a tutte le specifiche normative di settore ivi incluso quanto previsto dalle \u201cRegole del Garante per i programmi di fidelizzazione\u201d del 24 febbraio 2005 e dalle \u201cLinee guida in materia di trattamento di dati personali per profilazione on-line\u201d del 19 marzo 2015.<\/p>\n<p>In ossequio alle \u201cLinee guida in materia di attivit\u00e0 promozionale e contrasto allo spam\u201d del 4 luglio 2013, evidenziamo che il consenso eventualmente prestato per l&#8217;invio di comunicazioni commerciali, promozionali e di marketing tramite strumenti automatizzati si estender\u00e0 anche alle modalit\u00e0 tradizionali di contatto.<\/p>\n<p>I dati forniti verranno trattati prevalentemente con strumenti informatici sotto l\u2019autorit\u00e0 del Titolare del trattamento, da parte di soggetti specificamente incaricati, autorizzati ed istruiti al trattamento ai sensi degli articoli 28 e 29 del Regolamento Privacy. Si informa che sono osservate idonee misure di sicurezza anche ai sensi degli artt.5 e 32 del Regolamento Privacy per prevenire la perdita dei dati, usi illeciti o non corretti ed accessi non autorizzati.<\/p>\n<ol start=\"4\">\n<li><strong>Natura obbligatoria o facoltativa del consenso per il conferimento dei dati, le conseguenze di un eventuale rifiuto e la base giuridica del trattamento<\/strong><\/li>\n<\/ol>\n<p>Si specifica che per le finalit\u00e0 di cui ai punti (i), (ii), (v) ed eventualmente i successivi, del precedente art. 3, il conferimento dei dati personali \u00e8 obbligatorio in quanto in mancanza non si potr\u00e0 usufruire dei Servizi offerti dal Sito.<\/p>\n<p>Invece, il conferimento dei dati personali non \u00e8 obbligatorio ma facoltativo per le finalit\u00e0 di cui ai punti (iii) e (iv) del precedente art. 3. Il mancato conferimento dei dati per le finalit\u00e0 appena indicate non ci consentir\u00e0 di fornire la Newsletter, i Servizi di Marketing, di svolgere l\u2019Attivit\u00e0 di Profilazione. A tal fine, si potr\u00e0 decidere liberamente se prestare o meno il consenso anche per tali finalit\u00e0 e senza che ci\u00f2 inibisca la possibilit\u00e0 di accedere ai Servizi offerti dal Sito.<\/p>\n<p><u>Si ricorda che, in ogni caso ed in qualsiasi momento, si potr\u00e0 richiedere al Titolare la cancellazione dei dati tramite una semplice comunicazione da inviare, senza particolari formalit\u00e0, ai recapiti di cui al precedente art. 1.<\/u><\/p>\n<p>Con riferimento alle finalit\u00e0 di cui ai punti (i), (ii), (v) ed eventualmente i successivi, del precedente art. 3, la base giuridica del trattamento \u00e8 infatti l\u2019esecuzione dei servizi forniti attraverso il Sito e richiesti (ai sensi dell\u2019articolo 6, comma 1, lett. b del Regolamento); invece, con riferimento alle finalit\u00e0 di cui ai punti (iii) e (iv) del precedente art. 3, la base giuridica del trattamento \u00e8 l\u2019eventuale consenso espresso liberamente (ai sensi dell\u2019articolo 6, comma 1, lett. a del Regolamento).<\/p>\n<ol start=\"5\">\n<li><strong>A chi e in che ambito possiamo trasmettere i dati<\/strong><\/li>\n<\/ol>\n<p>I dati potranno essere comunicati, all\u2019interno dell\u2019UE, nel pieno rispetto di quanto previsto dal Codice Privacy e dal Regolamento Privacy, ai seguenti soggetti:<\/p>\n<p>(i) all\u2019amministrazione finanziaria e\/o altre autorit\u00e0 pubbliche, ove ci\u00f2 sia imposto dalla legge o su loro richiesta;<\/p>\n<p>(ii) alle strutture, ai soggetti ed alle societ\u00e0 esterne di cui il Titolare si avvale per lo svolgimento di attivit\u00e0 connesse, strumentali o conseguenti all\u2019esecuzione dei Servizi del Sito &#8211; ivi incluso il servizio di archiviazione cloud computing &#8211; all\u2019invio della Newsletter e all\u2019Attivit\u00e0 di Profilazione;<\/p>\n<p>(iii) ai consulenti esterni (ad esempio, per la gestione degli adempimenti fiscali), se non designati per iscritto Responsabili del trattamento.<\/p>\n<p>(iv) agli istituti di credito per finalit\u00e0 strumentali all\u2019eventuale acquisto di beni\/servizi qualora previsto in qualunque parte del sito.<\/p>\n<p>Le informazioni raccolte automaticamente dal Sito, di cui al paragrafo 2, nonch\u00e9 alcuni dati anonimi relativi al numero ed al tipo di interazioni sulle attivit\u00e0 abbinate alle finalit\u00e0 di fidelizzazione in senso stretto, potranno essere anche trasferiti in server cloud di Terze Parti ubicati anche Extra UE, risultando tale trattamento necessario per l\u2019esecuzione dei Servizi Sito richiesti. La base giuridica di detto trattamento \u00e8, pertanto, l\u2019art. 49, comma 1, lett. b del Regolamento Privacy.<\/p>\n<ol start=\"6\">\n<li><strong>I diritti<\/strong><\/li>\n<\/ol>\n<p>Si ricorda che in qualsiasi momento si potranno esercitare i diritti di cui gli artt. 15, 16, 17, 18, 20 e 21 del Regolamento Privacy, inviando una comunicazione scritta ai recapiti del Titolare di cui al precedente art. 1 e, per l\u2019effetto, ottenere:<\/p>\n<ul>\n<li>la conferma dell&#8217;esistenza o meno dei dati personali con indicazione della relativa origine, verificarne l\u2019esattezza o richiederne l&#8217;aggiornamento, la rettifica, l&#8217;integrazione;<\/li>\n<li>l\u2019accesso, la rettifica, la cancellazione dei dati o la limitazione del trattamento;<\/li>\n<li>la cancellazione, trasformazione in forma anonima o il blocco dei dati trattati in violazione di legge.<\/li>\n<\/ul>\n<p>Ci si potr\u00e0 inoltre opporre al trattamento dei dati personali precedentemente forniti.<\/p>\n<p>Con riferimento alla Newsletter, si evidenzia il diritto di richiedere la cessazione del trattamento effettuato attraverso modalit\u00e0 automatizzate di contatto estese anche a quelle tradizionali. Inoltre, resta salva la possibilit\u00e0 di esercitare tale diritto solo in parte, ossia richiedendo l\u2019interruzione, ad esempio, dell\u2019invio di comunicazioni promozionali effettuato tramite uno o alcuni degli strumenti di contatto per i quali si \u00e8 prestato il consenso.<\/p>\n<ol start=\"7\">\n<li><strong>Durata del Trattamento<\/strong><\/li>\n<\/ol>\n<p>Fatti salvi gli obblighi di legge, i dati personali saranno conservati per un periodo determinato, in base a criteri fondati sulla natura dei servizi forniti.<\/p>\n<p>Si precisa che i dati conservati per finalit\u00e0 di Profilazione o di Marketing saranno conservati per un periodo non superiore rispettivamente a 12 e a 24 mesi dalla loro registrazione.<\/p>\n<ol start=\"8\">\n<li><strong>Misure di sicurezza<\/strong><\/li>\n<\/ol>\n<p>Attraverso il Sito i dati sono trattati nel rispetto della legge applicabile ed utilizzando adeguate misure di sicurezza in conformit\u00e0 alla normativa in vigore anche ai sensi degli artt. 5 e 32 del Regolamento Privacy.<\/p>\n<p>In merito, si conferma, tra l\u2019altro, l\u2019adozione di opportune misure di sicurezza volte ad impedire accessi non autorizzati, furto, divulgazione, modifica o distruzione non autorizzata dei dati trattati.<\/p>\n<ol start=\"9\">\n<li><strong>Modifiche all\u2019Informativa Privacy <\/strong><\/li>\n<\/ol>\n<p>Il Titolare si riserva la facolt\u00e0 di apportare modifiche alla presente Informativa Privacy. In tal caso si informeranno tempestivamente gli utenti, nel momento in cui utilizzeranno nuovamente il Sito.<\/p>\n<p>La presente informativa \u00e8 stata rilasciata a Ottobre 2018.<\/p>\n<p>&nbsp;<\/p>\n<p>&nbsp;<\/p>\n<p>&nbsp;<\/p>\n<p>&nbsp;<\/p>\n<p>&nbsp;<\/p>\n<p>&nbsp;<\/p>\n<p>&nbsp;<\/p>\n<p>&nbsp;<\/p>\n","protected":false},"excerpt":{"rendered":"<p>Ai sensi dell&#8217;art. 13 del Regolamento Europeo n. 679 del 2016 (il \u201cRegolamento Privacy\u201d), nonch\u00e9 della Raccomandazione n. 2 del 2001 adottata ai sensi dell\u2019art. 29 della Direttiva n. 95\/46\/CE, N.I.R.A. SPA intende informare tutti gli utenti e\/o visitatori del sito www.nira-kunststoff.de (rispettivamente gli \u201cUtenti\u201d e il \u201cSito\u201d), in merito all\u2019utilizzo dei dati personali, dei [&hellip;]<\/p>\n","protected":false},"author":1,"featured_media":0,"parent":0,"menu_order":0,"comment_status":"closed","ping_status":"closed","template":"","meta":{"_acf_changed":false,"footnotes":""},"class_list":["post-7755","page","type-page","status-publish","hentry"],"acf":[],"_links":{"self":[{"href":"https:\/\/nira-kunststoff.de\/it\/wp-json\/wp\/v2\/pages\/7755","targetHints":{"allow":["GET"]}}],"collection":[{"href":"https:\/\/nira-kunststoff.de\/it\/wp-json\/wp\/v2\/pages"}],"about":[{"href":"https:\/\/nira-kunststoff.de\/it\/wp-json\/wp\/v2\/types\/page"}],"author":[{"embeddable":true,"href":"https:\/\/nira-kunststoff.de\/it\/wp-json\/wp\/v2\/users\/1"}],"replies":[{"embeddable":true,"href":"https:\/\/nira-kunststoff.de\/it\/wp-json\/wp\/v2\/comments?post=7755"}],"version-history":[{"count":3,"href":"https:\/\/nira-kunststoff.de\/it\/wp-json\/wp\/v2\/pages\/7755\/revisions"}],"predecessor-version":[{"id":7865,"href":"https:\/\/nira-kunststoff.de\/it\/wp-json\/wp\/v2\/pages\/7755\/revisions\/7865"}],"wp:attachment":[{"href":"https:\/\/nira-kunststoff.de\/it\/wp-json\/wp\/v2\/media?parent=7755"}],"curies":[{"name":"wp","href":"https:\/\/api.w.org\/{rel}","templated":true}]}}